{"id":7134,"date":"2021-09-15T18:06:33","date_gmt":"2021-09-15T23:06:33","guid":{"rendered":"https:\/\/www.grupomontessori.edu.pe\/conecta\/?page_id=7134"},"modified":"2021-12-16T18:54:04","modified_gmt":"2021-12-16T23:54:04","slug":"que-es-montessori-conecta","status":"publish","type":"page","link":"https:\/\/grupomontessori.edu.pe\/conecta\/que-es-montessori-conecta\/","title":{"rendered":"Que es Montessori Conecta"},"content":{"rendered":"\t\t<div data-elementor-type=\"wp-page\" data-elementor-id=\"7134\" class=\"elementor elementor-7134\" data-elementor-settings=\"[]\">\n\t\t\t\t\t\t<div class=\"elementor-inner\">\n\t\t\t\t\t\t\t<div class=\"elementor-section-wrap\">\n\t\t\t\t\t\t\t<section class=\"elementor-section elementor-top-section elementor-element elementor-element-d525623 elementor-section-boxed elementor-section-height-default elementor-section-height-default elementor-invisible\" data-id=\"d525623\" data-element_type=\"section\" data-settings=\"{&quot;animation&quot;:&quot;fadeInUp&quot;}\">\n\t\t\t\t\t\t<div class=\"elementor-container elementor-column-gap-default\">\n\t\t\t\t\t\t\t<div class=\"elementor-row\">\n\t\t\t\t\t<div class=\"elementor-column elementor-col-16 elementor-top-column elementor-element elementor-element-c28dce5\" data-id=\"c28dce5\" data-element_type=\"column\">\n\t\t\t<div class=\"elementor-column-wrap\">\n\t\t\t\t\t\t\t<div class=\"elementor-widget-wrap\">\n\t\t\t\t\t\t\t\t<\/div>\n\t\t\t\t\t<\/div>\n\t\t<\/div>\n\t\t\t\t<div class=\"elementor-column elementor-col-66 elementor-top-column elementor-element elementor-element-a7c5098\" data-id=\"a7c5098\" data-element_type=\"column\">\n\t\t\t<div class=\"elementor-column-wrap elementor-element-populated\">\n\t\t\t\t\t\t\t<div class=\"elementor-widget-wrap\">\n\t\t\t\t\t\t<div class=\"elementor-element elementor-element-86bf778 elementor-widget elementor-widget-heading\" data-id=\"86bf778\" data-element_type=\"widget\" data-settings=\"{&quot;_animation&quot;:&quot;none&quot;}\" data-widget_type=\"heading.default\">\n\t\t\t\t<div class=\"elementor-widget-container\">\n\t\t\t<h2 class=\"elementor-heading-title elementor-size-default\">Montessori Conecta\n<br>\nColegio Virtual del Per\u00fa<\/h2>\t\t<\/div>\n\t\t\t\t<\/div>\n\t\t\t\t<div class=\"elementor-element elementor-element-fcedd52 elementor-widget elementor-widget-text-editor\" data-id=\"fcedd52\" data-element_type=\"widget\" data-settings=\"{&quot;_animation&quot;:&quot;none&quot;}\" data-widget_type=\"text-editor.default\">\n\t\t\t\t<div class=\"elementor-widget-container\">\n\t\t\t\t\t\t\t\t<div class=\"elementor-text-editor elementor-clearfix\">\n\t\t\t\t<p style=\"text-align: center;\"><span id=\"page31R_mcid11\" class=\"markedContent\"><span dir=\"ltr\">Montessori Conecta e<\/span><\/span><span id=\"page31R_mcid20\" class=\"markedContent\"><span dir=\"ltr\">s un emprendimiento privado sin aportes estatales que entrega servicios de educaci\u00f3n a distancia online, espec\u00edficamente a nivel escolar: Pre-Escolar, Educaci\u00f3n B\u00e1sica y Educaci\u00f3n Media.<\/span><\/span><\/p>\t\t\t\t\t<\/div>\n\t\t\t\t\t\t<\/div>\n\t\t\t\t<\/div>\n\t\t\t\t\t\t<\/div>\n\t\t\t\t\t<\/div>\n\t\t<\/div>\n\t\t\t\t<div class=\"elementor-column elementor-col-16 elementor-top-column elementor-element elementor-element-9e6754d\" data-id=\"9e6754d\" data-element_type=\"column\">\n\t\t\t<div class=\"elementor-column-wrap\">\n\t\t\t\t\t\t\t<div class=\"elementor-widget-wrap\">\n\t\t\t\t\t\t\t\t<\/div>\n\t\t\t\t\t<\/div>\n\t\t<\/div>\n\t\t\t\t\t\t\t\t<\/div>\n\t\t\t\t\t<\/div>\n\t\t<\/section>\n\t\t\t\t<section class=\"elementor-section elementor-top-section elementor-element elementor-element-36a3616 elementor-section-boxed elementor-section-height-default elementor-section-height-default\" data-id=\"36a3616\" data-element_type=\"section\">\n\t\t\t\t\t\t<div class=\"elementor-container elementor-column-gap-default\">\n\t\t\t\t\t\t\t<div class=\"elementor-row\">\n\t\t\t\t\t<div class=\"elementor-column elementor-col-50 elementor-top-column elementor-element elementor-element-55cb6bb elementor-invisible\" data-id=\"55cb6bb\" data-element_type=\"column\" data-settings=\"{&quot;animation&quot;:&quot;fadeInLeft&quot;}\">\n\t\t\t<div class=\"elementor-column-wrap elementor-element-populated\">\n\t\t\t\t\t\t\t<div class=\"elementor-widget-wrap\">\n\t\t\t\t\t\t<div class=\"elementor-element elementor-element-d076c08 elementor-widget elementor-widget-heading\" data-id=\"d076c08\" data-element_type=\"widget\" data-widget_type=\"heading.default\">\n\t\t\t\t<div class=\"elementor-widget-container\">\n\t\t\t<h3 class=\"elementor-heading-title elementor-size-default\">Nuestro Sistema<\/h3>\t\t<\/div>\n\t\t\t\t<\/div>\n\t\t\t\t<div class=\"elementor-element elementor-element-d58ed61 elementor-widget elementor-widget-text-editor\" data-id=\"d58ed61\" data-element_type=\"widget\" data-widget_type=\"text-editor.default\">\n\t\t\t\t<div class=\"elementor-widget-container\">\n\t\t\t\t\t\t\t\t<div class=\"elementor-text-editor elementor-clearfix\">\n\t\t\t\t<p><span style=\"font-weight: 400;\">Nuestro sistema es similar a un Colegio Tradicional Presencial, diferenci\u00e1ndonos principalmente\u00a0 en ser completamente por internet. Nosotros evaluamos peri\u00f3dicamente con tareas, trabajos, tests, entre otros.<\/span><\/p><p><span style=\"font-weight: 400;\">El horario de estudio es flexible de acuerdo a la disponibilidad del alumno, haci\u00e9ndolo ideal para alumnos que tienen otras actividades, tales como: Deporte, Arte, Viajes, etc.<\/span><\/p>\t\t\t\t\t<\/div>\n\t\t\t\t\t\t<\/div>\n\t\t\t\t<\/div>\n\t\t\t\t<div class=\"elementor-element elementor-element-a2d590e elementor-widget elementor-widget-heading\" data-id=\"a2d590e\" data-element_type=\"widget\" data-widget_type=\"heading.default\">\n\t\t\t\t<div class=\"elementor-widget-container\">\n\t\t\t<h3 class=\"elementor-heading-title elementor-size-default\">Tutor\u00edas Online<\/h3>\t\t<\/div>\n\t\t\t\t<\/div>\n\t\t\t\t<div class=\"elementor-element elementor-element-587c7bc elementor-widget elementor-widget-text-editor\" data-id=\"587c7bc\" data-element_type=\"widget\" data-widget_type=\"text-editor.default\">\n\t\t\t\t<div class=\"elementor-widget-container\">\n\t\t\t\t\t\t\t\t<div class=\"elementor-text-editor elementor-clearfix\">\n\t\t\t\t<div class=\"elementor-element elementor-element-f1ce753 elementor-widget elementor-widget-text-editor\" data-id=\"f1ce753\" data-element_type=\"widget\" data-widget_type=\"text-editor.default\"><div class=\"elementor-widget-container\"><div class=\"elementor-text-editor elementor-clearfix\"><p>Desde nuestros inicios las tutor\u00edas online han sido la caracter\u00edstica que nos ha destacado, y que posteriormente otros han adoptado, desde institutos hasta universidades.<\/p><p>Nuestros tutores mantienen comunicaci\u00f3n online en vivo mediante chat mientras los alumnos estudian. Al acompa\u00f1arlos de forma online logramos guiarlos, apoyarlos y resolver dudas.<\/p><\/div><\/div><\/div>\t\t\t\t\t<\/div>\n\t\t\t\t\t\t<\/div>\n\t\t\t\t<\/div>\n\t\t\t\t\t\t<\/div>\n\t\t\t\t\t<\/div>\n\t\t<\/div>\n\t\t\t\t<div class=\"elementor-column elementor-col-50 elementor-top-column elementor-element elementor-element-d98c33d elementor-invisible\" data-id=\"d98c33d\" data-element_type=\"column\" data-settings=\"{&quot;animation&quot;:&quot;fadeInRight&quot;}\">\n\t\t\t<div class=\"elementor-column-wrap elementor-element-populated\">\n\t\t\t\t\t\t\t<div class=\"elementor-widget-wrap\">\n\t\t\t\t\t\t<div class=\"elementor-element elementor-element-eff5343 elementor-widget elementor-widget-image\" data-id=\"eff5343\" data-element_type=\"widget\" data-widget_type=\"image.default\">\n\t\t\t\t<div class=\"elementor-widget-container\">\n\t\t\t\t\t\t\t\t<div class=\"elementor-image\">\n\t\t\t\t\t\t\t\t\t\t\t\t<img width=\"600\" height=\"400\" src=\"https:\/\/grupomontessori.edu.pe\/conecta\/wp-content\/uploads\/2021\/12\/image-mc-002.jpg\" class=\"attachment-large size-large\" alt=\"\" loading=\"lazy\" srcset=\"https:\/\/grupomontessori.edu.pe\/conecta\/wp-content\/uploads\/2021\/12\/image-mc-002.jpg 600w, https:\/\/grupomontessori.edu.pe\/conecta\/wp-content\/uploads\/2021\/12\/image-mc-002-300x200.jpg 300w\" sizes=\"(max-width: 600px) 100vw, 600px\" \/>\t\t\t\t\t\t\t\t\t\t\t\t\t\t<\/div>\n\t\t\t\t\t\t<\/div>\n\t\t\t\t<\/div>\n\t\t\t\t<div class=\"elementor-element elementor-element-d484587 elementor-widget elementor-widget-heading\" data-id=\"d484587\" data-element_type=\"widget\" data-widget_type=\"heading.default\">\n\t\t\t\t<div class=\"elementor-widget-container\">\n\t\t\t<h3 class=\"elementor-heading-title elementor-size-default\">Contenidos de estudio<\/h3>\t\t<\/div>\n\t\t\t\t<\/div>\n\t\t\t\t<div class=\"elementor-element elementor-element-d9af67e elementor-widget elementor-widget-text-editor\" data-id=\"d9af67e\" data-element_type=\"widget\" data-widget_type=\"text-editor.default\">\n\t\t\t\t<div class=\"elementor-widget-container\">\n\t\t\t\t\t\t\t\t<div class=\"elementor-text-editor elementor-clearfix\">\n\t\t\t\t<span style=\"font-weight: 400;\">En nuestra Aula Virtual tenemos contenidos de estudio online, organizados y calendarizados.<\/span>\n\n<span style=\"font-weight: 400;\">Se puede acceder a los contenidos de estudio en cualquier horario y d\u00eda de la semana.<\/span>\t\t\t\t\t<\/div>\n\t\t\t\t\t\t<\/div>\n\t\t\t\t<\/div>\n\t\t\t\t\t\t<\/div>\n\t\t\t\t\t<\/div>\n\t\t<\/div>\n\t\t\t\t\t\t\t\t<\/div>\n\t\t\t\t\t<\/div>\n\t\t<\/section>\n\t\t\t\t<section class=\"elementor-section elementor-top-section elementor-element elementor-element-2d6364a elementor-section-boxed elementor-section-height-default elementor-section-height-default elementor-invisible\" data-id=\"2d6364a\" data-element_type=\"section\" data-settings=\"{&quot;animation&quot;:&quot;fadeInUp&quot;}\">\n\t\t\t\t\t\t<div class=\"elementor-container elementor-column-gap-default\">\n\t\t\t\t\t\t\t<div class=\"elementor-row\">\n\t\t\t\t\t<div class=\"elementor-column elementor-col-100 elementor-top-column elementor-element elementor-element-f8fd306\" data-id=\"f8fd306\" data-element_type=\"column\" data-settings=\"{&quot;background_background&quot;:&quot;classic&quot;}\">\n\t\t\t<div class=\"elementor-column-wrap elementor-element-populated\">\n\t\t\t\t\t<div class=\"elementor-background-overlay\"><\/div>\n\t\t\t\t\t\t\t<div class=\"elementor-widget-wrap\">\n\t\t\t\t\t\t<section class=\"elementor-section elementor-inner-section elementor-element elementor-element-d24f6dc elementor-section-boxed elementor-section-height-default elementor-section-height-default\" data-id=\"d24f6dc\" data-element_type=\"section\">\n\t\t\t\t\t\t<div class=\"elementor-container elementor-column-gap-default\">\n\t\t\t\t\t\t\t<div class=\"elementor-row\">\n\t\t\t\t\t<div class=\"elementor-column elementor-col-50 elementor-inner-column elementor-element elementor-element-2fbccbb\" data-id=\"2fbccbb\" data-element_type=\"column\">\n\t\t\t<div class=\"elementor-column-wrap elementor-element-populated\">\n\t\t\t\t\t\t\t<div class=\"elementor-widget-wrap\">\n\t\t\t\t\t\t<div class=\"elementor-element elementor-element-b336f76 elementor-widget elementor-widget-text-editor\" data-id=\"b336f76\" data-element_type=\"widget\" data-widget_type=\"text-editor.default\">\n\t\t\t\t<div class=\"elementor-widget-container\">\n\t\t\t\t\t\t\t\t<div class=\"elementor-text-editor elementor-clearfix\">\n\t\t\t\t<strong style=\"color: #fff;\">Que nada detenga tus sue\u00f1os,<\/strong> <strong>prep\u00e1rate y asegura tu ingreso con nosotros.<\/strong>\t\t\t\t\t<\/div>\n\t\t\t\t\t\t<\/div>\n\t\t\t\t<\/div>\n\t\t\t\t\t\t<\/div>\n\t\t\t\t\t<\/div>\n\t\t<\/div>\n\t\t\t\t<div class=\"elementor-column elementor-col-50 elementor-inner-column elementor-element elementor-element-cbcd375\" data-id=\"cbcd375\" data-element_type=\"column\">\n\t\t\t<div class=\"elementor-column-wrap elementor-element-populated\">\n\t\t\t\t\t\t\t<div class=\"elementor-widget-wrap\">\n\t\t\t\t\t\t<div class=\"elementor-element elementor-element-0b7ac3b elementor-widget elementor-widget-elementskit-button\" data-id=\"0b7ac3b\" data-element_type=\"widget\" data-widget_type=\"elementskit-button.default\">\n\t\t\t\t<div class=\"elementor-widget-container\">\n\t\t\t<div class=\"ekit-wid-con\" >\t\t<div class=\"ekit-btn-wraper\">\n\t\t\t\t\t\t\t<a href=\"https:\/\/grupomontessori.edu.pe\/conecta\/admision\/\" class=\"elementskit-btn  whitespace--normal\" >\n\t\t\t\t\t\n\t\t\t\t\t\n\t\t\t\t\tMatric\u00falate Ya!\t\t\t\t<\/a>\n\t\t\t\t\t\t<\/div>\n        <\/div>\t\t<\/div>\n\t\t\t\t<\/div>\n\t\t\t\t\t\t<\/div>\n\t\t\t\t\t<\/div>\n\t\t<\/div>\n\t\t\t\t\t\t\t\t<\/div>\n\t\t\t\t\t<\/div>\n\t\t<\/section>\n\t\t\t\t\t\t<\/div>\n\t\t\t\t\t<\/div>\n\t\t<\/div>\n\t\t\t\t\t\t\t\t<\/div>\n\t\t\t\t\t<\/div>\n\t\t<\/section>\n\t\t\t\t\t\t<\/div>\n\t\t\t\t\t\t<\/div>\n\t\t\t\t\t<\/div>\n\t\t","protected":false},"excerpt":{"rendered":"<p>Montessori Conecta Colegio Virtual del Per\u00fa Montessori Conecta es un emprendimiento privado sin aportes estatales que entrega servicios de educaci\u00f3n a distancia online, espec\u00edficamente a nivel escolar: Pre-Escolar, Educaci\u00f3n B\u00e1sica y Educaci\u00f3n Media. Nuestro Sistema Nuestro sistema es similar a un Colegio Tradicional Presencial, diferenci\u00e1ndonos principalmente\u00a0 en ser completamente por internet. Nosotros evaluamos peri\u00f3dicamente con [&hellip;]<\/p>\n","protected":false},"author":1,"featured_media":0,"parent":0,"menu_order":2,"comment_status":"closed","ping_status":"closed","template":"template\/full-width-template.php","meta":[],"_links":{"self":[{"href":"https:\/\/grupomontessori.edu.pe\/conecta\/wp-json\/wp\/v2\/pages\/7134"}],"collection":[{"href":"https:\/\/grupomontessori.edu.pe\/conecta\/wp-json\/wp\/v2\/pages"}],"about":[{"href":"https:\/\/grupomontessori.edu.pe\/conecta\/wp-json\/wp\/v2\/types\/page"}],"author":[{"embeddable":true,"href":"https:\/\/grupomontessori.edu.pe\/conecta\/wp-json\/wp\/v2\/users\/1"}],"replies":[{"embeddable":true,"href":"https:\/\/grupomontessori.edu.pe\/conecta\/wp-json\/wp\/v2\/comments?post=7134"}],"version-history":[{"count":47,"href":"https:\/\/grupomontessori.edu.pe\/conecta\/wp-json\/wp\/v2\/pages\/7134\/revisions"}],"predecessor-version":[{"id":7533,"href":"https:\/\/grupomontessori.edu.pe\/conecta\/wp-json\/wp\/v2\/pages\/7134\/revisions\/7533"}],"wp:attachment":[{"href":"https:\/\/grupomontessori.edu.pe\/conecta\/wp-json\/wp\/v2\/media?parent=7134"}],"curies":[{"name":"wp","href":"https:\/\/api.w.org\/{rel}","templated":true}]}}