{"id":6487,"date":"2021-04-05T03:15:03","date_gmt":"2021-04-05T08:15:03","guid":{"rendered":"https:\/\/www.grupomontessori.edu.pe\/academia\/?page_id=6487"},"modified":"2021-12-17T00:46:46","modified_gmt":"2021-12-17T05:46:46","slug":"nosotros","status":"publish","type":"page","link":"https:\/\/grupomontessori.edu.pe\/conecta\/nosotros\/","title":{"rendered":"Nosotros"},"content":{"rendered":"\t\t<div data-elementor-type=\"wp-page\" data-elementor-id=\"6487\" class=\"elementor elementor-6487\" data-elementor-settings=\"[]\">\n\t\t\t\t\t\t<div class=\"elementor-inner\">\n\t\t\t\t\t\t\t<div class=\"elementor-section-wrap\">\n\t\t\t\t\t\t\t<section class=\"elementor-section elementor-top-section elementor-element elementor-element-d525623 elementor-section-boxed elementor-section-height-default elementor-section-height-default elementor-invisible\" data-id=\"d525623\" data-element_type=\"section\" data-settings=\"{&quot;animation&quot;:&quot;fadeInUp&quot;}\">\n\t\t\t\t\t\t<div class=\"elementor-container elementor-column-gap-default\">\n\t\t\t\t\t\t\t<div class=\"elementor-row\">\n\t\t\t\t\t<div class=\"elementor-column elementor-col-100 elementor-top-column elementor-element elementor-element-9e6754d\" data-id=\"9e6754d\" data-element_type=\"column\">\n\t\t\t<div class=\"elementor-column-wrap elementor-element-populated\">\n\t\t\t\t\t\t\t<div class=\"elementor-widget-wrap\">\n\t\t\t\t\t\t<div class=\"elementor-element elementor-element-15508eb elementor-widget elementor-widget-heading\" data-id=\"15508eb\" data-element_type=\"widget\" data-widget_type=\"heading.default\">\n\t\t\t\t<div class=\"elementor-widget-container\">\n\t\t\t<h2 class=\"elementor-heading-title elementor-size-default\">Montessori Conecta - Colegio Virtual del Per\u00fa<\/h2>\t\t<\/div>\n\t\t\t\t<\/div>\n\t\t\t\t\t\t<\/div>\n\t\t\t\t\t<\/div>\n\t\t<\/div>\n\t\t\t\t\t\t\t\t<\/div>\n\t\t\t\t\t<\/div>\n\t\t<\/section>\n\t\t\t\t<section class=\"elementor-section elementor-top-section elementor-element elementor-element-020a5d7 elementor-section-boxed elementor-section-height-default elementor-section-height-default\" data-id=\"020a5d7\" data-element_type=\"section\">\n\t\t\t\t\t\t<div class=\"elementor-container elementor-column-gap-default\">\n\t\t\t\t\t\t\t<div class=\"elementor-row\">\n\t\t\t\t\t<div class=\"elementor-column elementor-col-50 elementor-top-column elementor-element elementor-element-c3c046a elementor-invisible\" data-id=\"c3c046a\" data-element_type=\"column\" data-settings=\"{&quot;animation&quot;:&quot;fadeInLeft&quot;}\">\n\t\t\t<div class=\"elementor-column-wrap elementor-element-populated\">\n\t\t\t\t\t\t\t<div class=\"elementor-widget-wrap\">\n\t\t\t\t\t\t<div class=\"elementor-element elementor-element-6597bc5 elementor-widget elementor-widget-text-editor\" data-id=\"6597bc5\" data-element_type=\"widget\" data-widget_type=\"text-editor.default\">\n\t\t\t\t<div class=\"elementor-widget-container\">\n\t\t\t\t\t\t\t\t<div class=\"elementor-text-editor elementor-clearfix\">\n\t\t\t\t<div class=\"elementor-element elementor-element-9b5d01a elementor-widget elementor-widget-text-editor\" data-id=\"9b5d01a\" data-element_type=\"widget\" data-widget_type=\"text-editor.default\"><div class=\"elementor-widget-container\"><div class=\"elementor-text-editor elementor-clearfix\"><p><span id=\"page31R_mcid11\" class=\"markedContent\"><span dir=\"ltr\">Somos una sociedad educativa moderna y tecnol\u00f3gica que <\/span><\/span><span id=\"page31R_mcid12\" class=\"markedContent\"><span dir=\"ltr\">imparte clases <\/span><\/span><span id=\"page31R_mcid13\" class=\"markedContent\"><span dir=\"ltr\">haciendo<\/span><\/span><span id=\"page31R_mcid14\" class=\"markedContent\"><\/span><span id=\"page31R_mcid15\" class=\"markedContent\"><span dir=\"ltr\">uso de varias plataformas virtuales <\/span><\/span><span id=\"page31R_mcid16\" class=\"markedContent\"><span dir=\"ltr\">educativas<\/span><\/span><span id=\"page31R_mcid17\" class=\"markedContent\"><span dir=\"ltr\">, con conte<\/span><\/span><span id=\"page31R_mcid18\" class=\"markedContent\"><span dir=\"ltr\">nidos adecuados para cada nivel y <\/span><\/span><span id=\"page31R_mcid19\" class=\"markedContent\"><span dir=\"ltr\">grado <\/span><\/span><span id=\"page31R_mcid20\" class=\"markedContent\"><span dir=\"ltr\">educativo.<\/span><\/span><\/p><p>El proyecto educativo es materializado por sus creadores tras haber reunido experiencia desde comienzos de la primera d\u00e9cada del a\u00f1o 2000, tanto en Educaci\u00f3n Tradicional: Aulas de Colegios y Clases Particulares, como en Educaci\u00f3n a Distancia E-learning: Participaci\u00f3n en proyectos implementados por empresas de Estados Unidos y Espa\u00f1a. Adem\u00e1s de haber investigado experiencias e-learning de varios otros pa\u00edses.<\/p><p style=\"text-align: justify;\">Detectamos la necesidad de un servicio de educaci\u00f3n escolar alternativo que usara el potencial de las TICs, sin abandonar el factor humano de la comunicaci\u00f3n con un Docente.<span id=\"page31R_mcid20\" class=\"markedContent\"><span dir=\"ltr\"><br \/><\/span><\/span><\/p><\/div><\/div><\/div>\t\t\t\t\t<\/div>\n\t\t\t\t\t\t<\/div>\n\t\t\t\t<\/div>\n\t\t\t\t\t\t<\/div>\n\t\t\t\t\t<\/div>\n\t\t<\/div>\n\t\t\t\t<div class=\"elementor-column elementor-col-50 elementor-top-column elementor-element elementor-element-0c418b4 elementor-invisible\" data-id=\"0c418b4\" data-element_type=\"column\" data-settings=\"{&quot;animation&quot;:&quot;fadeInRight&quot;}\">\n\t\t\t<div class=\"elementor-column-wrap elementor-element-populated\">\n\t\t\t\t\t\t\t<div class=\"elementor-widget-wrap\">\n\t\t\t\t\t\t<div class=\"elementor-element elementor-element-5800a41 elementor-widget elementor-widget-image\" data-id=\"5800a41\" data-element_type=\"widget\" data-widget_type=\"image.default\">\n\t\t\t\t<div class=\"elementor-widget-container\">\n\t\t\t\t\t\t\t\t<div class=\"elementor-image\">\n\t\t\t\t\t\t\t\t\t\t\t\t<img width=\"600\" height=\"400\" src=\"https:\/\/grupomontessori.edu.pe\/conecta\/wp-content\/uploads\/2021\/09\/img-001.jpg\" class=\"attachment-large size-large\" alt=\"\" loading=\"lazy\" srcset=\"https:\/\/grupomontessori.edu.pe\/conecta\/wp-content\/uploads\/2021\/09\/img-001.jpg 600w, https:\/\/grupomontessori.edu.pe\/conecta\/wp-content\/uploads\/2021\/09\/img-001-300x200.jpg 300w\" sizes=\"(max-width: 600px) 100vw, 600px\" \/>\t\t\t\t\t\t\t\t\t\t\t\t\t\t<\/div>\n\t\t\t\t\t\t<\/div>\n\t\t\t\t<\/div>\n\t\t\t\t\t\t<\/div>\n\t\t\t\t\t<\/div>\n\t\t<\/div>\n\t\t\t\t\t\t\t\t<\/div>\n\t\t\t\t\t<\/div>\n\t\t<\/section>\n\t\t\t\t<section class=\"elementor-section elementor-top-section elementor-element elementor-element-36a3616 elementor-section-boxed elementor-section-height-default elementor-section-height-default elementor-invisible\" data-id=\"36a3616\" data-element_type=\"section\" data-settings=\"{&quot;animation&quot;:&quot;fadeInUp&quot;}\">\n\t\t\t\t\t\t<div class=\"elementor-container elementor-column-gap-default\">\n\t\t\t\t\t\t\t<div class=\"elementor-row\">\n\t\t\t\t\t<div class=\"elementor-column elementor-col-100 elementor-top-column elementor-element elementor-element-55cb6bb\" data-id=\"55cb6bb\" data-element_type=\"column\">\n\t\t\t<div class=\"elementor-column-wrap elementor-element-populated\">\n\t\t\t\t\t\t\t<div class=\"elementor-widget-wrap\">\n\t\t\t\t\t\t<div class=\"elementor-element elementor-element-d076c08 elementor-widget elementor-widget-heading\" data-id=\"d076c08\" data-element_type=\"widget\" data-widget_type=\"heading.default\">\n\t\t\t\t<div class=\"elementor-widget-container\">\n\t\t\t<h3 class=\"elementor-heading-title elementor-size-default\">\u00bfPor qu\u00e9 elegirnos?<\/h3>\t\t<\/div>\n\t\t\t\t<\/div>\n\t\t\t\t<div class=\"elementor-element elementor-element-587c7bc elementor-widget elementor-widget-text-editor\" data-id=\"587c7bc\" data-element_type=\"widget\" data-widget_type=\"text-editor.default\">\n\t\t\t\t<div class=\"elementor-widget-container\">\n\t\t\t\t\t\t\t\t<div class=\"elementor-text-editor elementor-clearfix\">\n\t\t\t\t<p style=\"text-align: justify;\">Somos una instituci\u00f3n educativa, con altos est\u00e1ndares tecnol\u00f3gicos, actualizada al mundo de hoy y potenciamos el desarrollo de las habilidades de cada estudiante. Nuestro sistema propone fomentar habilidades art\u00edsticasy deportivas o intereses personales de cada estudiante. Nuestra metodolog\u00eda acad\u00e9mica est\u00e1 basada en realizar planificaciones,donde los contenidos exigidos por el MINEDU se entrelazan para una educaci\u00f3n INTEGRAL.<\/p>\t\t\t\t\t<\/div>\n\t\t\t\t\t\t<\/div>\n\t\t\t\t<\/div>\n\t\t\t\t\t\t<\/div>\n\t\t\t\t\t<\/div>\n\t\t<\/div>\n\t\t\t\t\t\t\t\t<\/div>\n\t\t\t\t\t<\/div>\n\t\t<\/section>\n\t\t\t\t<section class=\"elementor-section elementor-top-section elementor-element elementor-element-ec9229f elementor-section-boxed elementor-section-height-default elementor-section-height-default\" data-id=\"ec9229f\" data-element_type=\"section\">\n\t\t\t\t\t\t<div class=\"elementor-container elementor-column-gap-default\">\n\t\t\t\t\t\t\t<div class=\"elementor-row\">\n\t\t\t\t\t<div class=\"elementor-column elementor-col-50 elementor-top-column elementor-element elementor-element-8b9a67d elementor-invisible\" data-id=\"8b9a67d\" data-element_type=\"column\" data-settings=\"{&quot;animation&quot;:&quot;fadeInLeft&quot;}\">\n\t\t\t<div class=\"elementor-column-wrap elementor-element-populated\">\n\t\t\t\t\t\t\t<div class=\"elementor-widget-wrap\">\n\t\t\t\t\t\t<div class=\"elementor-element elementor-element-f6c1b2c elementor-widget elementor-widget-heading\" data-id=\"f6c1b2c\" data-element_type=\"widget\" data-widget_type=\"heading.default\">\n\t\t\t\t<div class=\"elementor-widget-container\">\n\t\t\t<h3 class=\"elementor-heading-title elementor-size-default\">Nuestra Misi\u00f3n<\/h3>\t\t<\/div>\n\t\t\t\t<\/div>\n\t\t\t\t<div class=\"elementor-element elementor-element-b6dccbf elementor-widget elementor-widget-text-editor\" data-id=\"b6dccbf\" data-element_type=\"widget\" data-widget_type=\"text-editor.default\">\n\t\t\t\t<div class=\"elementor-widget-container\">\n\t\t\t\t\t\t\t\t<div class=\"elementor-text-editor elementor-clearfix\">\n\t\t\t\t<p style=\"text-align: justify;\">Montessori Conectaes un sistema educacional que implementa los recursos tecnol\u00f3gicos actuales. Nuestro desaf\u00edo est\u00e1 en inducir un cambio de modelo en LA EDUCACI\u00d3N Y APRENDIZAJE la cual permite incrementar la calidad, relevancia y pertinencia de la vida familiar de cada estudiante.<\/p>\t\t\t\t\t<\/div>\n\t\t\t\t\t\t<\/div>\n\t\t\t\t<\/div>\n\t\t\t\t\t\t<\/div>\n\t\t\t\t\t<\/div>\n\t\t<\/div>\n\t\t\t\t<div class=\"elementor-column elementor-col-50 elementor-top-column elementor-element elementor-element-a57695b elementor-invisible\" data-id=\"a57695b\" data-element_type=\"column\" data-settings=\"{&quot;animation&quot;:&quot;fadeInRight&quot;}\">\n\t\t\t<div class=\"elementor-column-wrap elementor-element-populated\">\n\t\t\t\t\t\t\t<div class=\"elementor-widget-wrap\">\n\t\t\t\t\t\t<div class=\"elementor-element elementor-element-15f180f elementor-widget elementor-widget-heading\" data-id=\"15f180f\" data-element_type=\"widget\" data-widget_type=\"heading.default\">\n\t\t\t\t<div class=\"elementor-widget-container\">\n\t\t\t<h3 class=\"elementor-heading-title elementor-size-default\">Nuestra visi\u00f3n<\/h3>\t\t<\/div>\n\t\t\t\t<\/div>\n\t\t\t\t<div class=\"elementor-element elementor-element-1f33d5a elementor-widget elementor-widget-text-editor\" data-id=\"1f33d5a\" data-element_type=\"widget\" data-widget_type=\"text-editor.default\">\n\t\t\t\t<div class=\"elementor-widget-container\">\n\t\t\t\t\t\t\t\t<div class=\"elementor-text-editor elementor-clearfix\">\n\t\t\t\t<p style=\"text-align: justify;\">Como colegio, asistimos la formaci\u00f3n de los estudiantes de manera inclusiva, a trav\u00e9s de la utilizaci\u00f3n de las TIC. Favoreciendo la autonom\u00eda, valores \u00e9ticos, desarrollo de investigaci\u00f3n e innovaci\u00f3n del conocimiento.<\/p>\t\t\t\t\t<\/div>\n\t\t\t\t\t\t<\/div>\n\t\t\t\t<\/div>\n\t\t\t\t\t\t<\/div>\n\t\t\t\t\t<\/div>\n\t\t<\/div>\n\t\t\t\t\t\t\t\t<\/div>\n\t\t\t\t\t<\/div>\n\t\t<\/section>\n\t\t\t\t<section class=\"elementor-section elementor-top-section elementor-element elementor-element-2d6364a elementor-section-boxed elementor-section-height-default elementor-section-height-default elementor-invisible\" data-id=\"2d6364a\" data-element_type=\"section\" data-settings=\"{&quot;animation&quot;:&quot;fadeInUp&quot;}\">\n\t\t\t\t\t\t<div class=\"elementor-container elementor-column-gap-default\">\n\t\t\t\t\t\t\t<div class=\"elementor-row\">\n\t\t\t\t\t<div class=\"elementor-column elementor-col-100 elementor-top-column elementor-element elementor-element-f8fd306\" data-id=\"f8fd306\" data-element_type=\"column\" data-settings=\"{&quot;background_background&quot;:&quot;classic&quot;}\">\n\t\t\t<div class=\"elementor-column-wrap elementor-element-populated\">\n\t\t\t\t\t<div class=\"elementor-background-overlay\"><\/div>\n\t\t\t\t\t\t\t<div class=\"elementor-widget-wrap\">\n\t\t\t\t\t\t<section class=\"elementor-section elementor-inner-section elementor-element elementor-element-d24f6dc elementor-section-boxed elementor-section-height-default elementor-section-height-default\" data-id=\"d24f6dc\" data-element_type=\"section\">\n\t\t\t\t\t\t<div class=\"elementor-container elementor-column-gap-default\">\n\t\t\t\t\t\t\t<div class=\"elementor-row\">\n\t\t\t\t\t<div class=\"elementor-column elementor-col-50 elementor-inner-column elementor-element elementor-element-2fbccbb\" data-id=\"2fbccbb\" data-element_type=\"column\">\n\t\t\t<div class=\"elementor-column-wrap elementor-element-populated\">\n\t\t\t\t\t\t\t<div class=\"elementor-widget-wrap\">\n\t\t\t\t\t\t<div class=\"elementor-element elementor-element-b336f76 elementor-widget elementor-widget-text-editor\" data-id=\"b336f76\" data-element_type=\"widget\" data-widget_type=\"text-editor.default\">\n\t\t\t\t<div class=\"elementor-widget-container\">\n\t\t\t\t\t\t\t\t<div class=\"elementor-text-editor elementor-clearfix\">\n\t\t\t\t<strong style=\"color: #fff;\">Que nada detenga tus sue\u00f1os,<\/strong> <strong>prep\u00e1rate y asegura tu ingreso con nosotros.<\/strong>\t\t\t\t\t<\/div>\n\t\t\t\t\t\t<\/div>\n\t\t\t\t<\/div>\n\t\t\t\t\t\t<\/div>\n\t\t\t\t\t<\/div>\n\t\t<\/div>\n\t\t\t\t<div class=\"elementor-column elementor-col-50 elementor-inner-column elementor-element elementor-element-cbcd375\" data-id=\"cbcd375\" data-element_type=\"column\">\n\t\t\t<div class=\"elementor-column-wrap elementor-element-populated\">\n\t\t\t\t\t\t\t<div class=\"elementor-widget-wrap\">\n\t\t\t\t\t\t<div class=\"elementor-element elementor-element-0b7ac3b elementor-widget elementor-widget-elementskit-button\" data-id=\"0b7ac3b\" data-element_type=\"widget\" data-widget_type=\"elementskit-button.default\">\n\t\t\t\t<div class=\"elementor-widget-container\">\n\t\t\t<div class=\"ekit-wid-con\" >\t\t<div class=\"ekit-btn-wraper\">\n\t\t\t\t\t\t\t<a href=\"https:\/\/grupomontessori.edu.pe\/conecta\/admision\/\" class=\"elementskit-btn  whitespace--normal\" >\n\t\t\t\t\t\n\t\t\t\t\t\n\t\t\t\t\tMatric\u00falate Ya!\t\t\t\t<\/a>\n\t\t\t\t\t\t<\/div>\n        <\/div>\t\t<\/div>\n\t\t\t\t<\/div>\n\t\t\t\t\t\t<\/div>\n\t\t\t\t\t<\/div>\n\t\t<\/div>\n\t\t\t\t\t\t\t\t<\/div>\n\t\t\t\t\t<\/div>\n\t\t<\/section>\n\t\t\t\t\t\t<\/div>\n\t\t\t\t\t<\/div>\n\t\t<\/div>\n\t\t\t\t\t\t\t\t<\/div>\n\t\t\t\t\t<\/div>\n\t\t<\/section>\n\t\t\t\t\t\t<\/div>\n\t\t\t\t\t\t<\/div>\n\t\t\t\t\t<\/div>\n\t\t","protected":false},"excerpt":{"rendered":"<p>Montessori Conecta &#8211; Colegio Virtual del Per\u00fa Somos una sociedad educativa moderna y tecnol\u00f3gica que imparte clases haciendouso de varias plataformas virtuales educativas, con contenidos adecuados para cada nivel y grado educativo. El proyecto educativo es materializado por sus creadores tras haber reunido experiencia desde comienzos de la primera d\u00e9cada del a\u00f1o 2000, tanto en [&hellip;]<\/p>\n","protected":false},"author":1,"featured_media":0,"parent":0,"menu_order":12,"comment_status":"closed","ping_status":"closed","template":"template\/full-width-template.php","meta":[],"_links":{"self":[{"href":"https:\/\/grupomontessori.edu.pe\/conecta\/wp-json\/wp\/v2\/pages\/6487"}],"collection":[{"href":"https:\/\/grupomontessori.edu.pe\/conecta\/wp-json\/wp\/v2\/pages"}],"about":[{"href":"https:\/\/grupomontessori.edu.pe\/conecta\/wp-json\/wp\/v2\/types\/page"}],"author":[{"embeddable":true,"href":"https:\/\/grupomontessori.edu.pe\/conecta\/wp-json\/wp\/v2\/users\/1"}],"replies":[{"embeddable":true,"href":"https:\/\/grupomontessori.edu.pe\/conecta\/wp-json\/wp\/v2\/comments?post=6487"}],"version-history":[{"count":83,"href":"https:\/\/grupomontessori.edu.pe\/conecta\/wp-json\/wp\/v2\/pages\/6487\/revisions"}],"predecessor-version":[{"id":7551,"href":"https:\/\/grupomontessori.edu.pe\/conecta\/wp-json\/wp\/v2\/pages\/6487\/revisions\/7551"}],"wp:attachment":[{"href":"https:\/\/grupomontessori.edu.pe\/conecta\/wp-json\/wp\/v2\/media?parent=6487"}],"curies":[{"name":"wp","href":"https:\/\/api.w.org\/{rel}","templated":true}]}}